{"id":3,"date":"2019-02-16T10:19:59","date_gmt":"2019-02-16T10:19:59","guid":{"rendered":"https:\/\/dachboxverleiher.de\/?page_id=3"},"modified":"2023-12-10T01:13:34","modified_gmt":"2023-12-10T00:13:34","slug":"privacy-policy","status":"publish","type":"page","link":"https:\/\/dachboxverleiher.de\/?page_id=3","title":{"rendered":"Datenschutzerkl\u00e4rung"},"content":{"rendered":"\n<p><strong>Verantwortliche Stelle:<\/strong><\/p>\n\n\n\n<p>Der Dachboxverleiher<br>Inhaber: Raphael Dudek<br>Deberndorfer Weg 10<br>90449 N\u00fcrnberg<br><\/p>\n\n\n\n<p>Kontakt:<br>Telefon: +49 (0)911 495 297 03<br>E-Mail: datenschutz@dachboxverleiher.de<\/p>\n\n\n\n<p><strong>Arten der verarbeiteten Daten:<\/strong><\/p>\n\n\n\n<ul class=\"wp-block-list\">\n<li>Kontaktdaten (z.B., E-Mail, Telefonnummern)<\/li>\n\n\n\n<li>Nutzungsdaten (z.B., besuchte Webseiten, Interesse an Inhalten, Zugriffszeiten)<\/li>\n\n\n\n<li>Meta-\/Kommunikationsdaten (z.B., Ger\u00e4teinformationen, IP-Adressen)<\/li>\n<\/ul>\n\n\n\n<p><strong>Zwecke der Datenverarbeitung:<\/strong><\/p>\n\n\n\n<ul class=\"wp-block-list\">\n<li>Bereitstellung des Onlineangebotes, seiner Funktionen und Inhalte<\/li>\n\n\n\n<li>Beantwortung von Kontaktanfragen und Kommunikation mit Nutzern<\/li>\n\n\n\n<li>Sicherheitsma\u00dfnahmen<\/li>\n\n\n\n<li>Reichweitenmessung\/Marketing<\/li>\n<\/ul>\n\n\n\n<p><strong>Verwendete Begrifflichkeiten:<\/strong><\/p>\n\n\n\n<p>&#8222;Personenbezogene Daten&#8220; sind alle Informationen, die sich auf eine identifizierte oder identifizierbare nat\u00fcrliche Person beziehen.<\/p>\n\n\n\n<p><strong>Rechtsgrundlagen der Verarbeitung:<\/strong><\/p>\n\n\n\n<p>Die Verarbeitung personenbezogener Daten erfolgt auf Grundlage der Datenschutzgrundverordnung (DSGVO). F\u00fcr die Verarbeitung von personenbezogenen Daten ben\u00f6tigen wir eine Rechtsgrundlage, die im Folgenden dargestellt wird:<\/p>\n\n\n\n<ul class=\"wp-block-list\">\n<li>Einwilligung (Art. 6 Abs. 1 lit. a DSGVO)<\/li>\n\n\n\n<li>Vertragserf\u00fcllung und vorvertragliche Anfragen (Art. 6 Abs. 1 lit. b DSGVO)<\/li>\n\n\n\n<li>Berechtigte Interessen (Art. 6 Abs. 1 lit. f DSGVO)<\/li>\n<\/ul>\n\n\n\n<p><strong>Sicherheitsma\u00dfnahmen:<\/strong><\/p>\n\n\n\n<p>Wir treffen organisatorische, vertragliche und technische Sicherheitsma\u00dfnahmen entsprechend dem Stand der Technik, um sicherzustellen, dass die Vorschriften der Datenschutzgesetze eingehalten werden.<\/p>\n\n\n\n<p><strong>Rechte der betroffenen Personen:<\/strong><\/p>\n\n\n\n<p>Du hast das Recht, eine Best\u00e4tigung dar\u00fcber zu verlangen, ob betreffende Daten verarbeitet werden und auf Auskunft \u00fcber diese Daten sowie auf weitere Informationen und Kopie der Daten entsprechend den gesetzlichen Vorgaben.<\/p>\n\n\n\n<p><strong>Widerrufsrecht:<\/strong><\/p>\n\n\n\n<p>Du hast das Recht, erteilte Einwilligungen mit Wirkung f\u00fcr die Zukunft zu widerrufen.<\/p>\n\n\n\n<p><strong>Dauer der Speicherung personenbezogener Daten:<\/strong><\/p>\n\n\n\n<p>Personenbezogene Daten werden gel\u00f6scht, sobald der Zweck der Speicherung entf\u00e4llt.<\/p>\n\n\n\n<p><strong>Beschwerderecht bei der Aufsichtsbeh\u00f6rde:<\/strong><\/p>\n\n\n\n<p>Du hast das Recht auf Beschwerde bei einer Aufsichtsbeh\u00f6rde, wenn du der Ansicht bist, dass die Verarbeitung der dich betreffenden Daten gegen datenschutzrechtliche Bestimmungen verst\u00f6\u00dft.<\/p>\n\n\n\n<p><strong>Kontakt:<\/strong><\/p>\n\n\n\n<p>Der Dachboxverleiher<br>Inhaber: Raphael Dudek<br>Deberndorfer Weg 10<br>90449 N\u00fcrnberg<br>Telefon: +49 (0)911 495 297 03<br>E-Mail: datenschutz@dachboxverleiher.de<\/p>\n","protected":false},"excerpt":{"rendered":"<p>Verantwortliche Stelle: Der DachboxverleiherInhaber: Raphael DudekDeberndorfer Weg 1090449 N\u00fcrnberg Kontakt:Telefon: +49 (0)911 495 297 03E-Mail: datenschutz@dachboxverleiher.de Arten der verarbeiteten Daten: Zwecke der Datenverarbeitung: Verwendete Begrifflichkeiten: &#8222;Personenbezogene Daten&#8220; sind alle Informationen, die sich auf eine identifizierte oder identifizierbare nat\u00fcrliche Person beziehen. Rechtsgrundlagen der Verarbeitung: Die Verarbeitung personenbezogener Daten erfolgt auf Grundlage der Datenschutzgrundverordnung (DSGVO). F\u00fcr die &hellip; <\/p>\n<p class=\"link-more\"><a href=\"https:\/\/dachboxverleiher.de\/?page_id=3\" class=\"more-link\"><span class=\"screen-reader-text\">\u201eDatenschutzerkl\u00e4rung\u201c <\/span>weiterlesen<\/a><\/p>\n","protected":false},"author":1,"featured_media":0,"parent":0,"menu_order":0,"comment_status":"closed","ping_status":"closed","template":"","meta":{"footnotes":""},"class_list":["post-3","page","type-page","status-publish","hentry"],"_links":{"self":[{"href":"https:\/\/dachboxverleiher.de\/index.php?rest_route=\/wp\/v2\/pages\/3","targetHints":{"allow":["GET"]}}],"collection":[{"href":"https:\/\/dachboxverleiher.de\/index.php?rest_route=\/wp\/v2\/pages"}],"about":[{"href":"https:\/\/dachboxverleiher.de\/index.php?rest_route=\/wp\/v2\/types\/page"}],"author":[{"embeddable":true,"href":"https:\/\/dachboxverleiher.de\/index.php?rest_route=\/wp\/v2\/users\/1"}],"replies":[{"embeddable":true,"href":"https:\/\/dachboxverleiher.de\/index.php?rest_route=%2Fwp%2Fv2%2Fcomments&post=3"}],"version-history":[{"count":1,"href":"https:\/\/dachboxverleiher.de\/index.php?rest_route=\/wp\/v2\/pages\/3\/revisions"}],"predecessor-version":[{"id":51,"href":"https:\/\/dachboxverleiher.de\/index.php?rest_route=\/wp\/v2\/pages\/3\/revisions\/51"}],"wp:attachment":[{"href":"https:\/\/dachboxverleiher.de\/index.php?rest_route=%2Fwp%2Fv2%2Fmedia&parent=3"}],"curies":[{"name":"wp","href":"https:\/\/api.w.org\/{rel}","templated":true}]}}